{"id":93,"date":"2015-10-03T15:42:44","date_gmt":"2015-10-03T12:42:44","guid":{"rendered":"http:\/\/melic.com\/wp1\/?page_id=93"},"modified":"2022-11-04T23:26:26","modified_gmt":"2022-11-04T20:26:26","slug":"hayata-dair","status":"publish","type":"page","link":"https:\/\/melic.com\/wp1\/melih-melik-sonmez-kimdir\/hayata-dair\/","title":{"rendered":"Hayata dair"},"content":{"rendered":"<p>Okuduklar\u0131m\u0131z\u0131n hepsini hat\u0131rlayam\u0131yoruz , hat\u0131rlad\u0131klar\u0131m\u0131z\u0131 da nereden hat\u0131rlad\u0131\u011f\u0131m\u0131z\u0131 bilmiyoruz&#8230; Ama bir \u015fekilde i\u00e7imize i\u015flemi\u015f , bize dokunmu\u015f olan baz\u0131 c\u00fcmeleleri sizinle payla\u015fmak istiyorum. Bir \u00e7o\u011funun ger\u00e7ek yazar\u0131 ya da s\u00f6yleyeni belli olmad\u0131\u011f\u0131 i\u00e7in anlay\u0131\u015f\u0131n\u0131za s\u0131\u011f\u0131narak baz\u0131lar\u0131n\u0131 isimsiz olarak payla\u015f\u0131yorum.<\/p>\n<blockquote><p>Posta pullar\u0131n\u0131n gidece\u011fi yere varas\u0131ya kadar mektuba yap\u0131\u015f\u0131p kalmas\u0131ndan \u00f6t\u00fcr\u00fc \u00e7ok de\u011ferli oldu\u011fu s\u00f6ylenir. Posta pulu gibi olun ve ba\u015flad\u0131\u011f\u0131n\u0131z i\u015fi bitirin.<\/p><\/blockquote>\n<blockquote><p>Hayal g\u00fcc\u00fcn\u00fcz gelece\u011finizi belirler. Einstein \u015f\u00f6yle der: \u2018\u2018Zekan\u0131n ger\u00e7ek g\u00f6stergesi hayal g\u00fcc\u00fcd\u00fcr, bilgi de\u011fil\u2019\u2019. Bu y\u00fczden hayal g\u00fcc\u00fcn\u00fcz\u00fcn hantalla\u015fmas\u0131na izin vermeyin.<\/p><\/blockquote>\n<blockquote><p>Cehalet her k\u00f6t\u00fcl\u00fc\u011f\u00fcn k\u00f6k\u00fc ve g\u00f6vdesidir.<\/p><\/blockquote>\n<blockquote><p>Bir insan\u0131n ak\u0131ll\u0131 olmas\u0131na bir \u015fey dedi\u011fimiz yok. Yeter ki; akl\u0131n\u0131 ba\u015fkalar\u0131na kabul ettirmeye \u00e7al\u0131\u015fmas\u0131n. Eflatun<\/p><\/blockquote>\n<blockquote><p>\u0130yi dostu olan\u0131n aynaya gereksinimi yoktur. Mevlana<\/p><\/blockquote>\n<blockquote><p>Time is too slow for those who wait, too swift for those who fear, too long for those who grieve, too short for those who rejoice, but for those who love, time is eternity.<\/p>\n<p>Zaman bekleyenler i\u00e7in \u00e7ok yava\u015f , korkanlar i\u00e7in \u00e7ok h\u0131zl\u0131, \u00fcz\u00fclenler i\u00e7in \u00e7ok uzun, sevinenler i\u00e7in \u00e7ok k\u0131sa ama sevenler i\u00e7in zaman sonsuzluktur. Henry Van Dyke<\/p><\/blockquote>\n","protected":false},"excerpt":{"rendered":"<p>Okuduklar\u0131m\u0131z\u0131n hepsini hat\u0131rlayam\u0131yoruz , hat\u0131rlad\u0131klar\u0131m\u0131z\u0131 da nereden hat\u0131rlad\u0131\u011f\u0131m\u0131z\u0131 bilmiyoruz&#8230; Ama bir \u015fekilde i\u00e7imize i\u015flemi\u015f , bize dokunmu\u015f olan baz\u0131 c\u00fcmeleleri sizinle payla\u015fmak istiyorum. Bir \u00e7o\u011funun ger\u00e7ek yazar\u0131 ya da s\u00f6yleyeni belli olmad\u0131\u011f\u0131 i\u00e7in anlay\u0131\u015f\u0131n\u0131za s\u0131\u011f\u0131narak baz\u0131lar\u0131n\u0131 isimsiz olarak payla\u015f\u0131yorum. Posta pullar\u0131n\u0131n gidece\u011fi yere varas\u0131ya kadar mektuba yap\u0131\u015f\u0131p kalmas\u0131ndan \u00f6t\u00fcr\u00fc \u00e7ok&#8230;<\/p>\n","protected":false},"author":1,"featured_media":0,"parent":35,"menu_order":0,"comment_status":"closed","ping_status":"closed","template":"","meta":{"footnotes":""},"class_list":["post-93","page","type-page","status-publish","hentry"],"_links":{"self":[{"href":"https:\/\/melic.com\/wp1\/wp-json\/wp\/v2\/pages\/93","targetHints":{"allow":["GET"]}}],"collection":[{"href":"https:\/\/melic.com\/wp1\/wp-json\/wp\/v2\/pages"}],"about":[{"href":"https:\/\/melic.com\/wp1\/wp-json\/wp\/v2\/types\/page"}],"author":[{"embeddable":true,"href":"https:\/\/melic.com\/wp1\/wp-json\/wp\/v2\/users\/1"}],"replies":[{"embeddable":true,"href":"https:\/\/melic.com\/wp1\/wp-json\/wp\/v2\/comments?post=93"}],"version-history":[{"count":5,"href":"https:\/\/melic.com\/wp1\/wp-json\/wp\/v2\/pages\/93\/revisions"}],"predecessor-version":[{"id":600,"href":"https:\/\/melic.com\/wp1\/wp-json\/wp\/v2\/pages\/93\/revisions\/600"}],"up":[{"embeddable":true,"href":"https:\/\/melic.com\/wp1\/wp-json\/wp\/v2\/pages\/35"}],"wp:attachment":[{"href":"https:\/\/melic.com\/wp1\/wp-json\/wp\/v2\/media?parent=93"}],"curies":[{"name":"wp","href":"https:\/\/api.w.org\/{rel}","templated":true}]}}